{"id":10,"date":"2016-04-13T11:44:49","date_gmt":"2016-04-13T11:44:49","guid":{"rendered":"http:\/\/znakomicie.pl\/?page_id=10"},"modified":"2016-05-16T08:02:54","modified_gmt":"2016-05-16T08:02:54","slug":"splywy-kajakowe","status":"publish","type":"page","link":"http:\/\/znakomicie.pl\/index.php\/splywy-kajakowe\/","title":{"rendered":"kajaki wynajem"},"content":{"rendered":"<p align=\"LEFT\"><span style=\"color: #333333;\"><span style=\"font-family: Roboto, Arial;\"><span><a href=\"http:\/\/znakomicie.pl\/wp-content\/uploads\/2016\/05\/kajaki-wynajem.jpg\"><img loading=\"lazy\" class=\"alignright size-thumbnail wp-image-112\" alt=\"kajaki-wynajem\" src=\"http:\/\/znakomicie.pl\/wp-content\/uploads\/2016\/05\/kajaki-wynajem-150x150.jpg\" width=\"150\" height=\"150\" \/><\/a>Dysponujemy baz\u0105 przesz\u0142o\u00a0<\/span><\/span><\/span><strong><span style=\"color: #333333;\"><span style=\"font-family: Roboto, Arial;\"><span>250 kajak\u00f3w\u00a0<\/span><\/span><\/span><\/strong><span style=\"color: #333333;\"><span style=\"font-family: Roboto, Arial;\"><span>polietylenowych i kanu,niezb\u0119dnym transportem oraz wieloletnim do\u015bwiadczeniem.<\/span><\/span><\/span><\/p>\n<p align=\"LEFT\"><span style=\"color: #333333;\"><span style=\"font-family: Roboto, Arial;\"><span> Obs\u0142ugujemy wszystkie rzeki w p\u00f3\u0142nocnej Polsce, od Mazur i Suwalszczyzny, przez Pomorze i Bory Tucholskie, do Pojezierza Drawskiego oraz rzeki Litwy i \u0141otwy. <\/span><\/span><\/span><\/p>\n<p align=\"LEFT\"><span style=\"color: #333333;\"><span style=\"font-family: Roboto, Arial;\"><span>Nasze mobilne wypo\u017cyczalnie dostarcz\u0105 kajaki na dowolny szlak w Polsce PN.<\/span><\/span><\/span><\/p>\n<p align=\"JUSTIFY\"><span style=\"color: #333333;\"><span style=\"font-family: Roboto, Arial;\"><span>Wi\u0119cej informacji i rezerwacje :<\/span><\/span><\/span><\/p>\n<h1 align=\"JUSTIFY\"><strong><a href=\"http:\/\/www.kajaki.pl\/\" target=\"_blank\"><span style=\"color: #3366ff;\">www.kajaki.pl<\/span><\/a><\/strong><\/h1>\n<p align=\"JUSTIFY\"><strong><span style=\"color: #333333;\"><span style=\"font-family: Roboto, Arial;\"><span>Zapraszamy<\/span><\/span><\/span><\/strong><\/p>\n<p align=\"LEFT\"><span style=\"color: #333333;\"><span style=\"font-family: Roboto, Arial;\"><span>\u00a0<\/span><\/span><\/span><\/p>\n","protected":false},"excerpt":{"rendered":"<p>Dysponujemy baz\u0105 przesz\u0142o\u00a0250 kajak\u00f3w\u00a0polietylenowych i kanu,niezb\u0119dnym transportem oraz wieloletnim do\u015bwiadczeniem. Obs\u0142ugujemy wszystkie rzeki w p\u00f3\u0142nocnej Polsce, od Mazur i Suwalszczyzny, przez Pomorze i Bory Tucholskie, do Pojezierza Drawskiego oraz rzeki Litwy i \u0141otwy. Nasze mobilne wypo\u017cyczalnie dostarcz\u0105 kajaki na dowolny szlak w Polsce PN. Wi\u0119cej informacji i rezerwacje : www.kajaki.pl Zapraszamy \u00a0<\/p>\n","protected":false},"author":1,"featured_media":0,"parent":0,"menu_order":0,"comment_status":"closed","ping_status":"closed","template":"","meta":[],"_links":{"self":[{"href":"http:\/\/znakomicie.pl\/index.php\/wp-json\/wp\/v2\/pages\/10"}],"collection":[{"href":"http:\/\/znakomicie.pl\/index.php\/wp-json\/wp\/v2\/pages"}],"about":[{"href":"http:\/\/znakomicie.pl\/index.php\/wp-json\/wp\/v2\/types\/page"}],"author":[{"embeddable":true,"href":"http:\/\/znakomicie.pl\/index.php\/wp-json\/wp\/v2\/users\/1"}],"replies":[{"embeddable":true,"href":"http:\/\/znakomicie.pl\/index.php\/wp-json\/wp\/v2\/comments?post=10"}],"version-history":[{"count":0,"href":"http:\/\/znakomicie.pl\/index.php\/wp-json\/wp\/v2\/pages\/10\/revisions"}],"wp:attachment":[{"href":"http:\/\/znakomicie.pl\/index.php\/wp-json\/wp\/v2\/media?parent=10"}],"curies":[{"name":"wp","href":"https:\/\/api.w.org\/{rel}","templated":true}]}}